{"id":10,"date":"2025-05-22T20:59:40","date_gmt":"2025-05-22T23:59:40","guid":{"rendered":"https:\/\/mendotrack.com.ar\/index.php\/services\/"},"modified":"2025-06-03T19:24:09","modified_gmt":"2025-06-03T22:24:09","slug":"services","status":"publish","type":"page","link":"https:\/\/www.mendotrack.com.ar\/index.php\/services\/","title":{"rendered":"Servicio"},"content":{"rendered":"\n<p><strong>Monitoreo en tiempo real<\/strong><br>Visualiza la ubicaci\u00f3n y el desempe\u00f1o de cada unidad con precisi\u00f3n, asegurando rutas \u00f3ptimas y tiempos de entrega eficientes.<\/p>\n\n\n\n<p><strong>Seguridad y prevenci\u00f3n<\/strong><br>Protege tu inversi\u00f3n con alertas de movimiento, control de velocidad y asistencia en casos de emergencia.<\/p>\n\n\n\n<p><strong>Optimizaci\u00f3n y an\u00e1lisis<\/strong><br>Toma decisiones estrat\u00e9gicas con reportes detallados de rendimiento, consumo de combustible y h\u00e1bitos de conducci\u00f3n.<\/p>\n","protected":false},"excerpt":{"rendered":"<p>Monitoreo en tiempo realVisualiza la ubicaci\u00f3n y el desempe\u00f1o de cada unidad con precisi\u00f3n, asegurando rutas \u00f3ptimas y tiempos de entrega eficientes. Seguridad y prevenci\u00f3nProtege tu inversi\u00f3n con alertas de movimiento, control de velocidad y asistencia en casos de emergencia. Optimizaci\u00f3n y an\u00e1lisisToma decisiones estrat\u00e9gicas con reportes detallados de rendimiento, consumo de combustible y h\u00e1bitos &hellip; <\/p>\n","protected":false},"author":1,"featured_media":0,"parent":0,"menu_order":0,"comment_status":"closed","ping_status":"closed","template":"","meta":{"footnotes":""},"class_list":["post-10","page","type-page","status-publish","hentry"],"_links":{"self":[{"href":"https:\/\/www.mendotrack.com.ar\/index.php\/wp-json\/wp\/v2\/pages\/10","targetHints":{"allow":["GET"]}}],"collection":[{"href":"https:\/\/www.mendotrack.com.ar\/index.php\/wp-json\/wp\/v2\/pages"}],"about":[{"href":"https:\/\/www.mendotrack.com.ar\/index.php\/wp-json\/wp\/v2\/types\/page"}],"author":[{"embeddable":true,"href":"https:\/\/www.mendotrack.com.ar\/index.php\/wp-json\/wp\/v2\/users\/1"}],"replies":[{"embeddable":true,"href":"https:\/\/www.mendotrack.com.ar\/index.php\/wp-json\/wp\/v2\/comments?post=10"}],"version-history":[{"count":4,"href":"https:\/\/www.mendotrack.com.ar\/index.php\/wp-json\/wp\/v2\/pages\/10\/revisions"}],"predecessor-version":[{"id":146,"href":"https:\/\/www.mendotrack.com.ar\/index.php\/wp-json\/wp\/v2\/pages\/10\/revisions\/146"}],"wp:attachment":[{"href":"https:\/\/www.mendotrack.com.ar\/index.php\/wp-json\/wp\/v2\/media?parent=10"}],"curies":[{"name":"wp","href":"https:\/\/api.w.org\/{rel}","templated":true}]}}