{"id":7,"date":"2025-05-22T20:59:39","date_gmt":"2025-05-22T23:59:39","guid":{"rendered":"https:\/\/mendotrack.com.ar\/index.php\/home\/"},"modified":"2025-06-03T19:21:12","modified_gmt":"2025-06-03T22:21:12","slug":"home","status":"publish","type":"page","link":"https:\/\/www.mendotrack.com.ar\/","title":{"rendered":"Optimiza el control de tu flota con tecnolog\u00eda de vanguardia"},"content":{"rendered":"\n<p><strong>Optimiza el control de tu flota con tecnolog\u00eda de vanguardia<\/strong><\/p>\n\n\n\n<p>Maximiza la eficiencia, reduce costos y garantiza la seguridad de tus veh\u00edculos en tiempo real. Nuestra plataforma de rastreo GPS te ofrece el control total de tu flota de reparto, taxis y transporte comercial, con herramientas avanzadas para monitoreo, an\u00e1lisis y gesti\u00f3n inteligente.<\/p>\n\n\n\n<p>\ud83d\ude80 <strong>Monitoreo en tiempo real<\/strong><br>Visualiza la ubicaci\u00f3n y el desempe\u00f1o de cada unidad con precisi\u00f3n, asegurando rutas \u00f3ptimas y tiempos de entrega eficientes.<\/p>\n\n\n\n<p>\ud83d\udd12 <strong>Seguridad y prevenci\u00f3n<\/strong><br>Protege tu inversi\u00f3n con alertas de movimiento, control de velocidad y asistencia en casos de emergencia.<\/p>\n\n\n\n<p>\ud83d\udcca <strong>Optimizaci\u00f3n y an\u00e1lisis<\/strong><br>Toma decisiones estrat\u00e9gicas con reportes detallados de rendimiento, consumo de combustible y h\u00e1bitos de conducci\u00f3n.<\/p>\n\n\n\n<p>Descubre una nueva forma de gestionar tu flota con tecnolog\u00eda que impulsa tu negocio. \u00a1Con\u00e9ctate al futuro del rastreo vehicular!<\/p>\n\n\n\n<p><\/p>\n","protected":false},"excerpt":{"rendered":"<p>Optimiza el control de tu flota con tecnolog\u00eda de vanguardia Maximiza la eficiencia, reduce costos y garantiza la seguridad de tus veh\u00edculos en tiempo real. Nuestra plataforma de rastreo GPS te ofrece el control total de tu flota de reparto, taxis y transporte comercial, con herramientas avanzadas para monitoreo, an\u00e1lisis y gesti\u00f3n inteligente. \ud83d\ude80 Monitoreo &hellip; <\/p>\n","protected":false},"author":1,"featured_media":0,"parent":0,"menu_order":0,"comment_status":"closed","ping_status":"closed","template":"","meta":{"footnotes":""},"class_list":["post-7","page","type-page","status-publish","hentry"],"_links":{"self":[{"href":"https:\/\/www.mendotrack.com.ar\/index.php\/wp-json\/wp\/v2\/pages\/7","targetHints":{"allow":["GET"]}}],"collection":[{"href":"https:\/\/www.mendotrack.com.ar\/index.php\/wp-json\/wp\/v2\/pages"}],"about":[{"href":"https:\/\/www.mendotrack.com.ar\/index.php\/wp-json\/wp\/v2\/types\/page"}],"author":[{"embeddable":true,"href":"https:\/\/www.mendotrack.com.ar\/index.php\/wp-json\/wp\/v2\/users\/1"}],"replies":[{"embeddable":true,"href":"https:\/\/www.mendotrack.com.ar\/index.php\/wp-json\/wp\/v2\/comments?post=7"}],"version-history":[{"count":4,"href":"https:\/\/www.mendotrack.com.ar\/index.php\/wp-json\/wp\/v2\/pages\/7\/revisions"}],"predecessor-version":[{"id":144,"href":"https:\/\/www.mendotrack.com.ar\/index.php\/wp-json\/wp\/v2\/pages\/7\/revisions\/144"}],"wp:attachment":[{"href":"https:\/\/www.mendotrack.com.ar\/index.php\/wp-json\/wp\/v2\/media?parent=7"}],"curies":[{"name":"wp","href":"https:\/\/api.w.org\/{rel}","templated":true}]}}