{"id":9,"date":"2025-05-22T20:59:39","date_gmt":"2025-05-22T23:59:39","guid":{"rendered":"https:\/\/mendotrack.com.ar\/index.php\/about\/"},"modified":"2025-05-30T10:21:42","modified_gmt":"2025-05-30T13:21:42","slug":"about","status":"publish","type":"page","link":"https:\/\/www.mendotrack.com.ar\/index.php\/about\/","title":{"rendered":"Nosotros"},"content":{"rendered":"<p><strong>Somos la nueva generaci\u00f3n en rastreo vehicular en Mendoza<\/strong><\/p>\n<p>Innovamos para que el control y la gesti\u00f3n de tu flota sean m\u00e1s eficientes y seguros. Como empresa mendocina recientemente creada, ofrecemos soluciones tecnol\u00f3gicas avanzadas para el monitoreo GPS de veh\u00edculos, ayudando a optimizar rutas, reducir costos operativos y garantizar la seguridad de cada unidad.<\/p>\n<p>Nuestra misi\u00f3n es clara: entregamos <strong>#M\u00e1sControlParaTuFlota<\/strong>, permitiendo que cada empresa de transporte, log\u00edstica y movilidad urbana se enfoque en lo que realmente importa: la eficiencia y tranquilidad de sus operaciones.<\/p>\n<p>\u00a1\u00danete a nosotros y lleva tu gesti\u00f3n vehicular al siguiente nivel!<\/p>\n","protected":false},"excerpt":{"rendered":"<p>Somos la nueva generaci\u00f3n en rastreo vehicular en Mendoza Innovamos para que el control y la gesti\u00f3n de tu flota sean m\u00e1s eficientes y seguros. Como empresa mendocina recientemente creada, ofrecemos soluciones tecnol\u00f3gicas avanzadas para el monitoreo GPS de veh\u00edculos, ayudando a optimizar rutas, reducir costos operativos y garantizar la seguridad de cada unidad. Nuestra &hellip; <\/p>\n","protected":false},"author":1,"featured_media":0,"parent":0,"menu_order":0,"comment_status":"closed","ping_status":"closed","template":"","meta":{"footnotes":""},"class_list":["post-9","page","type-page","status-publish","hentry"],"_links":{"self":[{"href":"https:\/\/www.mendotrack.com.ar\/index.php\/wp-json\/wp\/v2\/pages\/9","targetHints":{"allow":["GET"]}}],"collection":[{"href":"https:\/\/www.mendotrack.com.ar\/index.php\/wp-json\/wp\/v2\/pages"}],"about":[{"href":"https:\/\/www.mendotrack.com.ar\/index.php\/wp-json\/wp\/v2\/types\/page"}],"author":[{"embeddable":true,"href":"https:\/\/www.mendotrack.com.ar\/index.php\/wp-json\/wp\/v2\/users\/1"}],"replies":[{"embeddable":true,"href":"https:\/\/www.mendotrack.com.ar\/index.php\/wp-json\/wp\/v2\/comments?post=9"}],"version-history":[{"count":2,"href":"https:\/\/www.mendotrack.com.ar\/index.php\/wp-json\/wp\/v2\/pages\/9\/revisions"}],"predecessor-version":[{"id":118,"href":"https:\/\/www.mendotrack.com.ar\/index.php\/wp-json\/wp\/v2\/pages\/9\/revisions\/118"}],"wp:attachment":[{"href":"https:\/\/www.mendotrack.com.ar\/index.php\/wp-json\/wp\/v2\/media?parent=9"}],"curies":[{"name":"wp","href":"https:\/\/api.w.org\/{rel}","templated":true}]}}